{"id":81,"date":"2024-07-24T19:13:34","date_gmt":"2024-07-24T19:13:34","guid":{"rendered":"https:\/\/luizcruz.adv.br\/ir\/?page_id=81"},"modified":"2024-07-30T22:38:21","modified_gmt":"2024-07-30T22:38:21","slug":"page","status":"publish","type":"page","link":"https:\/\/luizcruz.adv.br\/ir\/","title":{"rendered":"Page"},"content":{"rendered":"\t\t<div data-elementor-type=\"wp-page\" data-elementor-id=\"81\" class=\"elementor elementor-81\">\n\t\t\t\t<div class=\"elementor-element elementor-element-5a72e318 e-flex e-con-boxed e-con e-parent\" data-id=\"5a72e318\" data-element_type=\"container\" data-settings=\"{&quot;background_background&quot;:&quot;gradient&quot;}\">\n\t\t\t\t\t<div class=\"e-con-inner\">\n\t\t\t\t<div class=\"elementor-element elementor-element-1967c2fb elementor-widget elementor-widget-image\" data-id=\"1967c2fb\" data-element_type=\"widget\" data-widget_type=\"image.default\">\n\t\t\t\t<div class=\"elementor-widget-container\">\n\t\t\t\t\t\t\t\t\t\t\t\t\t\t\t<img fetchpriority=\"high\" decoding=\"async\" width=\"300\" height=\"300\" src=\"https:\/\/luizcruz.adv.br\/ir\/wp-content\/uploads\/2024\/07\/LOGOTIPO_PRETO-removebg-preview-300x300.webp\" class=\"attachment-medium size-medium wp-image-32\" alt=\"luiz cruz advocacia trabalhista isen\u00e7\u00e3o inposto de renda direito de fam\u00edlia div\u00f3rcio trabalho consumidor civil luiz.cruz.adv.br advogado centro curitiba isentodeir.com.br LCA\" srcset=\"https:\/\/luizcruz.adv.br\/ir\/wp-content\/uploads\/2024\/07\/LOGOTIPO_PRETO-removebg-preview-300x300.webp 300w, https:\/\/luizcruz.adv.br\/ir\/wp-content\/uploads\/2024\/07\/LOGOTIPO_PRETO-removebg-preview-150x150.webp 150w, https:\/\/luizcruz.adv.br\/ir\/wp-content\/uploads\/2024\/07\/LOGOTIPO_PRETO-removebg-preview.webp 500w\" sizes=\"(max-width: 300px) 100vw, 300px\" \/>\t\t\t\t\t\t\t\t\t\t\t\t\t\t\t<\/div>\n\t\t\t\t<\/div>\n\t\t\t\t<div class=\"elementor-element elementor-element-11785f76 elementor-widget__width-initial elementor-widget-mobile__width-initial elementor-widget elementor-widget-heading\" data-id=\"11785f76\" data-element_type=\"widget\" data-widget_type=\"heading.default\">\n\t\t\t\t<div class=\"elementor-widget-container\">\n\t\t\t\t\t<h2 class=\"elementor-heading-title elementor-size-default\">LUIZ CRUZ ADVOCACIA<\/h2>\t\t\t\t<\/div>\n\t\t\t\t<\/div>\n\t\t\t\t<div class=\"elementor-element elementor-element-a00781e elementor-widget-divider--separator-type-pattern elementor-widget-divider--no-spacing elementor-widget-divider--view-line elementor-widget elementor-widget-divider\" data-id=\"a00781e\" data-element_type=\"widget\" data-widget_type=\"divider.default\">\n\t\t\t\t<div class=\"elementor-widget-container\">\n\t\t\t\t\t\t\t<div class=\"elementor-divider\" style=\"--divider-pattern-url: url(&quot;data:image\/svg+xml,%3Csvg xmlns=&#039;http:\/\/www.w3.org\/2000\/svg&#039; preserveAspectRatio=&#039;none&#039; overflow=&#039;visible&#039; height=&#039;100%&#039; viewBox=&#039;0 0 24 24&#039; fill=&#039;black&#039; stroke=&#039;none&#039;%3E%3Cpath d=&#039;M24,8v12H0V8H24z M24,4v1H0V4H24z&#039;\/%3E%3C\/svg%3E&quot;);\">\n\t\t\t<span class=\"elementor-divider-separator\">\n\t\t\t\t\t\t<\/span>\n\t\t<\/div>\n\t\t\t\t\t\t<\/div>\n\t\t\t\t<\/div>\n\t\t\t\t<div class=\"elementor-element elementor-element-7a409ef elementor-widget elementor-widget-spacer\" data-id=\"7a409ef\" data-element_type=\"widget\" data-widget_type=\"spacer.default\">\n\t\t\t\t<div class=\"elementor-widget-container\">\n\t\t\t\t\t\t\t<div class=\"elementor-spacer\">\n\t\t\t<div class=\"elementor-spacer-inner\"><\/div>\n\t\t<\/div>\n\t\t\t\t\t\t<\/div>\n\t\t\t\t<\/div>\n\t\t\t\t<div class=\"elementor-element elementor-element-1a8b51ab elementor-widget__width-initial elementor-widget-mobile__width-initial elementor-widget elementor-widget-heading\" data-id=\"1a8b51ab\" data-element_type=\"widget\" data-widget_type=\"heading.default\">\n\t\t\t\t<div class=\"elementor-widget-container\">\n\t\t\t\t\t<h2 class=\"elementor-heading-title elementor-size-default\">Voc\u00ea sabia que PODE TER O DIREITO DE n\u00e3o pagar mais Imposto de renda?<\/h2>\t\t\t\t<\/div>\n\t\t\t\t<\/div>\n\t\t\t\t<div class=\"elementor-element elementor-element-58e680c3 elementor-widget elementor-widget-text-editor\" data-id=\"58e680c3\" data-element_type=\"widget\" data-widget_type=\"text-editor.default\">\n\t\t\t\t<div class=\"elementor-widget-container\">\n\t\t\t\t\t\t\t\t\t<p>Se voc\u00ea \u00e9 <em><strong>aposentando<\/strong><\/em>, <em><strong>pensionista<\/strong> <\/em>ou <em><strong>militar reformado<\/strong><\/em>\u00a0e possuir uma <strong>doen\u00e7a grave\u00a0prevista em Lei<\/strong>, \u00e9 poss\u00edvel\u00a0 que voc\u00ea tenha direito a isen\u00e7\u00e3o do pagamento e a restitui\u00e7\u00e3o do Imposto de Renda pago indevidamente nos \u00faltimos 5 anos.\u00a0<\/p>\t\t\t\t\t\t\t\t<\/div>\n\t\t\t\t<\/div>\n\t\t\t\t\t<\/div>\n\t\t\t\t<\/div>\n\t\t<div class=\"elementor-element elementor-element-4045ac4b e-flex e-con-boxed e-con e-parent\" data-id=\"4045ac4b\" data-element_type=\"container\" data-settings=\"{&quot;background_background&quot;:&quot;classic&quot;}\">\n\t\t\t\t\t<div class=\"e-con-inner\">\n\t\t<div class=\"elementor-element elementor-element-4ff41ecb e-flex e-con-boxed e-con e-child\" data-id=\"4ff41ecb\" data-element_type=\"container\" data-settings=\"{&quot;background_background&quot;:&quot;classic&quot;}\">\n\t\t\t\t\t<div class=\"e-con-inner\">\n\t\t\t\t<div class=\"elementor-element elementor-element-78fa460c elementor-widget elementor-widget-heading\" data-id=\"78fa460c\" data-element_type=\"widget\" data-widget_type=\"heading.default\">\n\t\t\t\t<div class=\"elementor-widget-container\">\n\t\t\t\t\t<h2 class=\"elementor-heading-title elementor-size-default\">Para ter direito a isen\u00e7\u00e3o do imposto de renda voc\u00ea s\u00f3 precisa atender 2 requisitos:<\/h2>\t\t\t\t<\/div>\n\t\t\t\t<\/div>\n\t\t\t\t<div class=\"elementor-element elementor-element-6f6f0ffc elementor-widget elementor-widget-text-editor\" data-id=\"6f6f0ffc\" data-element_type=\"widget\" data-widget_type=\"text-editor.default\">\n\t\t\t\t<div class=\"elementor-widget-container\">\n\t\t\t\t\t\t\t\t\t<p><strong>1) Ser aposentado, pensionista ou militar reformado.\u200b<\/strong><\/p><p><strong>2) Possuir alguma doen\u00e7a grave prevista na lei.\u200b<\/strong><\/p><p>Segundo a lei, s\u00e3o 17 doen\u00e7as que garantem a isen\u00e7\u00e3o do Imposto de Renda\u00a0 por\u00e9m existe milhares de varia\u00e7\u00f5es, verifique com um profissional especializado para saber se voc\u00ea se qualifica ao direito de isen\u00e7\u00e3o<\/p>\t\t\t\t\t\t\t\t<\/div>\n\t\t\t\t<\/div>\n\t\t\t\t<div class=\"elementor-element elementor-element-1c410097 elementor-widget__width-initial elementor-align-center elementor-widget elementor-widget-elementskit-button\" data-id=\"1c410097\" data-element_type=\"widget\" data-widget_type=\"elementskit-button.default\">\n\t\t\t\t<div class=\"elementor-widget-container\">\n\t\t\t\t\t<div class=\"ekit-wid-con\" >\t\t<div class=\"ekit-btn-wraper\">\n\t\t\t\t\t\t\t<a href=\"https:\/\/api.whatsapp.com\/send?phone=554130771699\" class=\"elementskit-btn  whitespace--normal\" id=\"\">\n\t\t\t\t\tSAIBA MAIS\t\t\t\t<\/a>\n\t\t\t\t\t<\/div>\n        <\/div>\t\t\t\t<\/div>\n\t\t\t\t<\/div>\n\t\t\t\t\t<\/div>\n\t\t\t\t<\/div>\n\t\t\t\t\t<\/div>\n\t\t\t\t<\/div>\n\t\t<div class=\"elementor-element elementor-element-4a92e990 e-flex e-con-boxed e-con e-parent\" data-id=\"4a92e990\" data-element_type=\"container\" data-settings=\"{&quot;background_background&quot;:&quot;gradient&quot;}\">\n\t\t\t\t\t<div class=\"e-con-inner\">\n\t\t\t\t<div class=\"elementor-element elementor-element-2521895 elementor-widget elementor-widget-spacer\" data-id=\"2521895\" data-element_type=\"widget\" data-widget_type=\"spacer.default\">\n\t\t\t\t<div class=\"elementor-widget-container\">\n\t\t\t\t\t\t\t<div class=\"elementor-spacer\">\n\t\t\t<div class=\"elementor-spacer-inner\"><\/div>\n\t\t<\/div>\n\t\t\t\t\t\t<\/div>\n\t\t\t\t<\/div>\n\t\t\t\t<div class=\"elementor-element elementor-element-2e0ca2b7 elementor-widget elementor-widget-heading\" data-id=\"2e0ca2b7\" data-element_type=\"widget\" data-widget_type=\"heading.default\">\n\t\t\t\t<div class=\"elementor-widget-container\">\n\t\t\t\t\t<h2 class=\"elementor-heading-title elementor-size-default\">E COMO PODEMOS AJUDAR?<\/h2>\t\t\t\t<\/div>\n\t\t\t\t<\/div>\n\t\t\t\t<div class=\"elementor-element elementor-element-f89c444 elementor-widget elementor-widget-spacer\" data-id=\"f89c444\" data-element_type=\"widget\" data-widget_type=\"spacer.default\">\n\t\t\t\t<div class=\"elementor-widget-container\">\n\t\t\t\t\t\t\t<div class=\"elementor-spacer\">\n\t\t\t<div class=\"elementor-spacer-inner\"><\/div>\n\t\t<\/div>\n\t\t\t\t\t\t<\/div>\n\t\t\t\t<\/div>\n\t\t<div class=\"elementor-element elementor-element-755e64fb e-con-full e-flex e-con e-child\" data-id=\"755e64fb\" data-element_type=\"container\" data-settings=\"{&quot;background_background&quot;:&quot;classic&quot;}\">\n\t\t<div class=\"elementor-element elementor-element-3f4645c3 e-con-full e-flex e-con e-child\" data-id=\"3f4645c3\" data-element_type=\"container\" data-settings=\"{&quot;background_background&quot;:&quot;classic&quot;}\">\n\t\t\t\t<div class=\"elementor-element elementor-element-25ff9af6 elementor-widget elementor-widget-image\" data-id=\"25ff9af6\" data-element_type=\"widget\" data-widget_type=\"image.default\">\n\t\t\t\t<div class=\"elementor-widget-container\">\n\t\t\t\t\t\t\t\t\t\t\t\t\t\t\t<img decoding=\"async\" width=\"768\" height=\"566\" src=\"https:\/\/luizcruz.adv.br\/ir\/wp-content\/uploads\/2024\/07\/leao-e1721930051873-768x566.webp\" class=\"attachment-medium_large size-medium_large wp-image-278\" alt=\"luiz cruz advocacia trabalhista isen\u00e7\u00e3o inposto de renda direito de fam\u00edlia div\u00f3rcio trabalho consumidor civil luiz.cruz.adv.br advogado centro curitiba isentodeir.com.br LCA\" srcset=\"https:\/\/luizcruz.adv.br\/ir\/wp-content\/uploads\/2024\/07\/leao-e1721930051873-768x566.webp 768w, https:\/\/luizcruz.adv.br\/ir\/wp-content\/uploads\/2024\/07\/leao-e1721930051873-300x221.webp 300w, https:\/\/luizcruz.adv.br\/ir\/wp-content\/uploads\/2024\/07\/leao-e1721930051873.webp 809w\" sizes=\"(max-width: 768px) 100vw, 768px\" \/>\t\t\t\t\t\t\t\t\t\t\t\t\t\t\t<\/div>\n\t\t\t\t<\/div>\n\t\t\t\t<div class=\"elementor-element elementor-element-1763b554 elementor-widget elementor-widget-heading\" data-id=\"1763b554\" data-element_type=\"widget\" data-widget_type=\"heading.default\">\n\t\t\t\t<div class=\"elementor-widget-container\">\n\t\t\t\t\t<h2 class=\"elementor-heading-title elementor-size-default\">Pedindo a isen\u00e7\u00e3o do Imposto de Renda<\/h2>\t\t\t\t<\/div>\n\t\t\t\t<\/div>\n\t\t\t\t<div class=\"elementor-element elementor-element-7760c767 elementor-widget elementor-widget-text-editor\" data-id=\"7760c767\" data-element_type=\"widget\" data-widget_type=\"text-editor.default\">\n\t\t\t\t<div class=\"elementor-widget-container\">\n\t\t\t\t\t\t\t\t\t<p>Se voc\u00ea \u00e9 aposentado, pensionista ou militar da reserva, tem ou teve alguma das 17 docenas graves previstas em Lei, \u00e9 poss\u00edvel pedir a isen\u00e7\u00e3o do Imposto de Renda de Pessoa F\u00edsica para sempre.<\/p>\t\t\t\t\t\t\t\t<\/div>\n\t\t\t\t<\/div>\n\t\t\t\t<\/div>\n\t\t<div class=\"elementor-element elementor-element-565c9467 e-con-full e-flex e-con e-child\" data-id=\"565c9467\" data-element_type=\"container\" data-settings=\"{&quot;background_background&quot;:&quot;classic&quot;}\">\n\t\t\t\t<div class=\"elementor-element elementor-element-6f34c310 elementor-widget elementor-widget-image\" data-id=\"6f34c310\" data-element_type=\"widget\" data-widget_type=\"image.default\">\n\t\t\t\t<div class=\"elementor-widget-container\">\n\t\t\t\t\t\t\t\t\t\t\t\t\t\t\t<img decoding=\"async\" width=\"768\" height=\"571\" src=\"https:\/\/luizcruz.adv.br\/ir\/wp-content\/uploads\/2024\/07\/leao-dinheiro-e1721930184526-768x571.webp\" class=\"attachment-medium_large size-medium_large wp-image-273\" alt=\"luiz cruz advocacia trabalhista isen\u00e7\u00e3o inposto de renda direito de fam\u00edlia div\u00f3rcio trabalho consumidor civil luiz.cruz.adv.br advogado centro curitiba isentodeir.com.br LCA\" srcset=\"https:\/\/luizcruz.adv.br\/ir\/wp-content\/uploads\/2024\/07\/leao-dinheiro-e1721930184526-768x571.webp 768w, https:\/\/luizcruz.adv.br\/ir\/wp-content\/uploads\/2024\/07\/leao-dinheiro-e1721930184526-300x223.webp 300w, https:\/\/luizcruz.adv.br\/ir\/wp-content\/uploads\/2024\/07\/leao-dinheiro-e1721930184526.webp 916w\" sizes=\"(max-width: 768px) 100vw, 768px\" \/>\t\t\t\t\t\t\t\t\t\t\t\t\t\t\t<\/div>\n\t\t\t\t<\/div>\n\t\t\t\t<div class=\"elementor-element elementor-element-1e1ef4d9 elementor-widget elementor-widget-heading\" data-id=\"1e1ef4d9\" data-element_type=\"widget\" data-widget_type=\"heading.default\">\n\t\t\t\t<div class=\"elementor-widget-container\">\n\t\t\t\t\t<h2 class=\"elementor-heading-title elementor-size-default\">Recuperando os \u00faltimos 60 meses de imposto pago indevidamente<\/h2>\t\t\t\t<\/div>\n\t\t\t\t<\/div>\n\t\t\t\t<div class=\"elementor-element elementor-element-2b034eb0 elementor-widget elementor-widget-text-editor\" data-id=\"2b034eb0\" data-element_type=\"widget\" data-widget_type=\"text-editor.default\">\n\t\t\t\t<div class=\"elementor-widget-container\">\n\t\t\t\t\t\t\t\t\t<p>Entramos com um processo de recupera\u00e7\u00e3o de cr\u00e9dito, apresentando documenta\u00e7\u00e3o m\u00e9dica comprobat\u00f3ria da condi\u00e7\u00e3o de doen\u00e7a grave no per\u00edodo em quest\u00e3o; fundamentando nossa busca pela restitui\u00e7\u00e3o dos valores indevdamente pagos.<\/p>\t\t\t\t\t\t\t\t<\/div>\n\t\t\t\t<\/div>\n\t\t\t\t<\/div>\n\t\t\t\t<\/div>\n\t\t\t\t\t<\/div>\n\t\t\t\t<\/div>\n\t\t<div class=\"elementor-element elementor-element-29ee4ed e-flex e-con-boxed e-con e-parent\" data-id=\"29ee4ed\" data-element_type=\"container\" data-settings=\"{&quot;background_background&quot;:&quot;gradient&quot;}\">\n\t\t\t\t\t<div class=\"e-con-inner\">\n\t\t<div class=\"elementor-element elementor-element-5e038feb e-con-full e-flex e-con e-child\" data-id=\"5e038feb\" data-element_type=\"container\">\n\t\t\t\t<div class=\"elementor-element elementor-element-748285cd elementor-widget elementor-widget-image\" data-id=\"748285cd\" data-element_type=\"widget\" data-widget_type=\"image.default\">\n\t\t\t\t<div class=\"elementor-widget-container\">\n\t\t\t\t\t\t\t\t\t\t\t\t\t\t\t<img loading=\"lazy\" decoding=\"async\" width=\"428\" height=\"584\" src=\"https:\/\/luizcruz.adv.br\/ir\/wp-content\/uploads\/2024\/07\/Luiz_Cruz_Advogado_webp.webp\" class=\"attachment-medium_large size-medium_large wp-image-381\" alt=\"luiz cruz advocacia trabalhista isen\u00e7\u00e3o inposto de renda direito de fam\u00edlia div\u00f3rcio trabalho consumidor civil luiz.cruz.adv.br advogado centro curitiba isentodeir.com.br LCA\" srcset=\"https:\/\/luizcruz.adv.br\/ir\/wp-content\/uploads\/2024\/07\/Luiz_Cruz_Advogado_webp.webp 428w, https:\/\/luizcruz.adv.br\/ir\/wp-content\/uploads\/2024\/07\/Luiz_Cruz_Advogado_webp-220x300.webp 220w\" sizes=\"(max-width: 428px) 100vw, 428px\" \/>\t\t\t\t\t\t\t\t\t\t\t\t\t\t\t<\/div>\n\t\t\t\t<\/div>\n\t\t\t\t<\/div>\n\t\t<div class=\"elementor-element elementor-element-2b75c5a4 e-con-full e-flex e-con e-child\" data-id=\"2b75c5a4\" data-element_type=\"container\">\n\t\t\t\t<div class=\"elementor-element elementor-element-41c1c77 elementor-widget elementor-widget-heading\" data-id=\"41c1c77\" data-element_type=\"widget\" data-widget_type=\"heading.default\">\n\t\t\t\t<div class=\"elementor-widget-container\">\n\t\t\t\t\t<h2 class=\"elementor-heading-title elementor-size-default\">LUIZ CRUZ ADVOCACIA<\/h2>\t\t\t\t<\/div>\n\t\t\t\t<\/div>\n\t\t\t\t<div class=\"elementor-element elementor-element-6c64cb6b elementor-widget elementor-widget-text-editor\" data-id=\"6c64cb6b\" data-element_type=\"widget\" data-widget_type=\"text-editor.default\">\n\t\t\t\t<div class=\"elementor-widget-container\">\n\t\t\t\t\t\t\t\t\t<p>Somos especializados no reconhecimento da isen\u00e7\u00e3o do imposto de renda de aposentados, pensionistas e militares reformados portadores de patologia.<\/p>\n<p>Atuamos tanto com pedidos administrativos, quanto em processos judiciais. Com o reconhecimento isen\u00e7\u00e3o, nossos clientes al\u00e9m de n\u00e3o terem mais a reten\u00e7\u00e3o do imposto de renda, poder\u00e3o ainda recuperar o que j\u00e1 foi pago dos \u00faltimos 5 anos.<\/p>\n<p>Luiz Cruz Advocacia por ter expertise nesse tipo de demanda aumenta as chances de \u00eaxito aos nossos clientes.<\/p>\n<p>Nosso atendimento \u00e9 humanizado e totalmente personalizado \u00e0 necessidade do cliente e \u00e0s especificidades do seu caso.<\/p>\t\t\t\t\t\t\t\t<\/div>\n\t\t\t\t<\/div>\n\t\t\t\t<div class=\"elementor-element elementor-element-2aa5c233 elementor-widget__width-initial elementor-align-right elementor-align--mobilecenter elementor-widget elementor-widget-elementskit-button\" data-id=\"2aa5c233\" data-element_type=\"widget\" data-widget_type=\"elementskit-button.default\">\n\t\t\t\t<div class=\"elementor-widget-container\">\n\t\t\t\t\t<div class=\"ekit-wid-con\" >\t\t<div class=\"ekit-btn-wraper\">\n\t\t\t\t\t\t\t<a href=\"https:\/\/api.whatsapp.com\/send?phone=554130771699\" class=\"elementskit-btn  whitespace--normal\" id=\"\">\n\t\t\t\t\tFale com o advogado agora mesmo   <i class=\"icon icon-whatsapp-1\"><\/i>\t\t\t\t<\/a>\n\t\t\t\t\t<\/div>\n        <\/div>\t\t\t\t<\/div>\n\t\t\t\t<\/div>\n\t\t\t\t<\/div>\n\t\t\t\t\t<\/div>\n\t\t\t\t<\/div>\n\t\t<div class=\"elementor-element elementor-element-69a17c89 e-flex e-con-boxed e-con e-parent\" data-id=\"69a17c89\" data-element_type=\"container\" data-settings=\"{&quot;background_background&quot;:&quot;classic&quot;}\">\n\t\t\t\t\t<div class=\"e-con-inner\">\n\t\t\t\t<div class=\"elementor-element elementor-element-37d6dfd8 elementor-widget elementor-widget-heading\" data-id=\"37d6dfd8\" data-element_type=\"widget\" data-widget_type=\"heading.default\">\n\t\t\t\t<div class=\"elementor-widget-container\">\n\t\t\t\t\t<h2 class=\"elementor-heading-title elementor-size-default\">LUIZ CRUZ SOCIEDADE DE ADVOCACIA<br>OAB\/PR 17335<br>\nRua Desembargador Westphalen 94, sala 08, Centro, Curitiba, PR<br>(41) 3077-1699 \/ (41) 99983-2246<\/h2>\t\t\t\t<\/div>\n\t\t\t\t<\/div>\n\t\t\t\t\t<\/div>\n\t\t\t\t<\/div>\n\t\t\t\t<\/div>\n\t\t","protected":false},"excerpt":{"rendered":"<p>\/*! elementor &#8211; v3.23.0 &#8211; 23-07-2024 *\/ .elementor-widget-image{text-align:center}.elementor-widget-image a{display:inline-block}.elementor-widget-image a img[src$=&#8221;.svg&#8221;]{width:48px}.elementor-widget-image img{vertical-align:middle;display:inline-block} \/*! elementor &#8211; v3.23.0 &#8211; 23-07-2024 *\/ .elementor-heading-title{padding:0;margin:0;line-height:1}.elementor-widget-heading .elementor-heading-title[class*=elementor-size-]&gt;a{color:inherit;font-size:inherit;line-height:inherit}.elementor-widget-heading .elementor-heading-title.elementor-size-small{font-size:15px}.elementor-widget-heading .elementor-heading-title.elementor-size-medium{font-size:19px}.elementor-widget-heading .elementor-heading-title.elementor-size-large{font-size:29px}.elementor-widget-heading .elementor-heading-title.elementor-size-xl{font-size:39px}.elementor-widget-heading .elementor-heading-title.elementor-size-xxl{font-size:59px} LUIZ CRUZ ADVOCACIA \/*! elementor &#8211; v3.23.0 &#8211; 23-07-2024 *\/ .elementor-widget-divider{&#8211;divider-border-style:none;&#8211;divider-border-width:1px;&#8211;divider-color:#0c0d0e;&#8211;divider-icon-size:20px;&#8211;divider-element-spacing:10px;&#8211;divider-pattern-height:24px;&#8211;divider-pattern-size:20px;&#8211;divider-pattern-url:none;&#8211;divider-pattern-repeat:repeat-x}.elementor-widget-divider .elementor-divider{display:flex}.elementor-widget-divider .elementor-divider__text{font-size:15px;line-height:1;max-width:95%}.elementor-widget-divider .elementor-divider__element{margin:0 var(&#8211;divider-element-spacing);flex-shrink:0}.elementor-widget-divider .elementor-icon{font-size:var(&#8211;divider-icon-size)}.elementor-widget-divider .elementor-divider-separator{display:flex;margin:0;direction:ltr}.elementor-widget-divider&#8211;view-line_icon .elementor-divider-separator,.elementor-widget-divider&#8211;view-line_text .elementor-divider-separator{align-items:center}.elementor-widget-divider&#8211;view-line_icon .elementor-divider-separator:after,.elementor-widget-divider&#8211;view-line_icon .elementor-divider-separator:before,.elementor-widget-divider&#8211;view-line_text .elementor-divider-separator:after,.elementor-widget-divider&#8211;view-line_text .elementor-divider-separator:before{display:block;content:&#8221;&#8221;;border-block-end:0;flex-grow:1;border-block-start:var(&#8211;divider-border-width) var(&#8211;divider-border-style) var(&#8211;divider-color)}.elementor-widget-divider&#8211;element-align-left .elementor-divider .elementor-divider-separator&gt;.elementor-divider__svg:first-of-type{flex-grow:0;flex-shrink:100}.elementor-widget-divider&#8211;element-align-left .elementor-divider-separator:before{content:none}.elementor-widget-divider&#8211;element-align-left .elementor-divider__element{margin-left:0}.elementor-widget-divider&#8211;element-align-right [&hellip;]<\/p>\n","protected":false},"author":1,"featured_media":0,"parent":0,"menu_order":0,"comment_status":"closed","ping_status":"closed","template":"elementor_canvas","meta":{"_joinchat":[],"footnotes":""},"class_list":["post-81","page","type-page","status-publish","hentry"],"_links":{"self":[{"href":"https:\/\/luizcruz.adv.br\/ir\/wp-json\/wp\/v2\/pages\/81","targetHints":{"allow":["GET"]}}],"collection":[{"href":"https:\/\/luizcruz.adv.br\/ir\/wp-json\/wp\/v2\/pages"}],"about":[{"href":"https:\/\/luizcruz.adv.br\/ir\/wp-json\/wp\/v2\/types\/page"}],"author":[{"embeddable":true,"href":"https:\/\/luizcruz.adv.br\/ir\/wp-json\/wp\/v2\/users\/1"}],"replies":[{"embeddable":true,"href":"https:\/\/luizcruz.adv.br\/ir\/wp-json\/wp\/v2\/comments?post=81"}],"version-history":[{"count":371,"href":"https:\/\/luizcruz.adv.br\/ir\/wp-json\/wp\/v2\/pages\/81\/revisions"}],"predecessor-version":[{"id":497,"href":"https:\/\/luizcruz.adv.br\/ir\/wp-json\/wp\/v2\/pages\/81\/revisions\/497"}],"wp:attachment":[{"href":"https:\/\/luizcruz.adv.br\/ir\/wp-json\/wp\/v2\/media?parent=81"}],"curies":[{"name":"wp","href":"https:\/\/api.w.org\/{rel}","templated":true}]}}